{"id":344,"date":"2013-11-29T17:14:19","date_gmt":"2013-11-29T17:14:19","guid":{"rendered":"https:\/\/www.fusteriadurany.com\/wp\/?page_id=344"},"modified":"2013-12-04T19:43:17","modified_gmt":"2013-12-04T19:43:17","slug":"qui-som","status":"publish","type":"page","link":"https:\/\/www.fusteriadurany.com\/?page_id=344","title":{"rendered":"Qui som"},"content":{"rendered":"<p><strong><span class=\"dropcap book\">E<\/span>mpresa familiar que t\u00e9 els comen\u00e7aments de la seva exist\u00e8ncia documentada a partir de l&#8217;any 1809, quan va n\u00e0ixer a Al\u00f2s de Balaguer, Francesc Durany i Munt, el qual uns anys despr\u00e8s va contreure n\u00fapcies amb Tresa Ricart Comabella, natural de Balaguer, on es va establir l&#8217;empresa.<strong><br class=\"clear\"\/><br\/><\/strong><\/strong><\/p>\n<div class=\"aligncenter\"><img src=\"https:\/\/www.fusteriadurany.com\/wp\/wp-content\/uploads\/2013\/11\/empresa-02.png\" alt=\"\" class=\"reflection\"\/><\/div>\n<p>&nbsp;<\/p>\n<p>&nbsp;<\/p>\n<p><strong><span class=\"dropcap book\">D<\/span>es de aleshores fins a l&#8217;actualitat, fins a sis generacions, ens hem dedicat a l&#8217;ofici m\u00e9s bonic del mon (per nosaltres), la fusteria-decoraci\u00f3, on hi estem implicats \u00c0ngel, Miquel \u00c0ngel i Joan Maria Durany. Agra\u00eem a totes les empreses i entitats que ens han demostrat la seva confian\u00e7a amb els nostres treballs al llarg del temps.<br class=\"clear\"\/><br\/><\/strong><\/p>\n<p><strong><span class=\"dropcap book\">E<\/span>mpresa totalment dedicada a la fusteria i decoraci\u00f3, tant a empreses com a particulars, realitzant qualsevol treball que se&#8217;ns encarregui, realitzant-lo amb les millors presentacions i acabats.<br class=\"clear\"\/><br\/><\/strong><\/p>\n<p><strong> <\/strong><\/p>\n<p>&nbsp;<\/p>\n","protected":false},"excerpt":{"rendered":"<p>&nbsp; &nbsp; &nbsp;<\/p>\n","protected":false},"author":1,"featured_media":0,"parent":0,"menu_order":0,"comment_status":"open","ping_status":"closed","template":"","meta":[],"_links":{"self":[{"href":"https:\/\/www.fusteriadurany.com\/index.php?rest_route=\/wp\/v2\/pages\/344"}],"collection":[{"href":"https:\/\/www.fusteriadurany.com\/index.php?rest_route=\/wp\/v2\/pages"}],"about":[{"href":"https:\/\/www.fusteriadurany.com\/index.php?rest_route=\/wp\/v2\/types\/page"}],"author":[{"embeddable":true,"href":"https:\/\/www.fusteriadurany.com\/index.php?rest_route=\/wp\/v2\/users\/1"}],"replies":[{"embeddable":true,"href":"https:\/\/www.fusteriadurany.com\/index.php?rest_route=%2Fwp%2Fv2%2Fcomments&post=344"}],"version-history":[{"count":6,"href":"https:\/\/www.fusteriadurany.com\/index.php?rest_route=\/wp\/v2\/pages\/344\/revisions"}],"predecessor-version":[{"id":431,"href":"https:\/\/www.fusteriadurany.com\/index.php?rest_route=\/wp\/v2\/pages\/344\/revisions\/431"}],"wp:attachment":[{"href":"https:\/\/www.fusteriadurany.com\/index.php?rest_route=%2Fwp%2Fv2%2Fmedia&parent=344"}],"curies":[{"name":"wp","href":"https:\/\/api.w.org\/{rel}","templated":true}]}}