{"id":353,"date":"2013-11-29T17:48:29","date_gmt":"2013-11-29T17:48:29","guid":{"rendered":"https:\/\/www.fusteriadurany.com\/wp\/?page_id=353"},"modified":"2026-03-23T12:00:14","modified_gmt":"2026-03-23T12:00:14","slug":"portes-2","status":"publish","type":"page","link":"https:\/\/www.fusteriadurany.com\/?page_id=353","title":{"rendered":"Portes interiors"},"content":{"rendered":"<p><a href=\"https:\/\/www.fusteriadurany.com\/wp-content\/uploads\/2013\/11\/DSC_0225.jpg\"><img loading=\"lazy\" class=\"alignnone size-large wp-image-559\" alt=\"DSC_0225\" src=\"https:\/\/www.fusteriadurany.com\/wp-content\/uploads\/2013\/11\/DSC_0225-576x1024.jpg\" width=\"576\" height=\"1024\" srcset=\"https:\/\/www.fusteriadurany.com\/wp-content\/uploads\/2013\/11\/DSC_0225-576x1024.jpg 576w, https:\/\/www.fusteriadurany.com\/wp-content\/uploads\/2013\/11\/DSC_0225-168x300.jpg 168w, https:\/\/www.fusteriadurany.com\/wp-content\/uploads\/2013\/11\/DSC_0225.jpg 1836w\" sizes=\"(max-width: 576px) 100vw, 576px\" \/><\/a><\/p>\n<p>Porta d&#8217;entrada enrasada amb forrat paret amb frontissa invisible, lacada blanca texturitzada.<\/p>\n<p><a href=\"https:\/\/www.fusteriadurany.com\/wp-content\/uploads\/2013\/11\/DSC_0307.jpg\"><img loading=\"lazy\" class=\"alignnone size-large wp-image-560\" alt=\"DSC_0307\" src=\"https:\/\/www.fusteriadurany.com\/wp-content\/uploads\/2013\/11\/DSC_0307-1024x576.jpg\" width=\"1024\" height=\"576\" srcset=\"https:\/\/www.fusteriadurany.com\/wp-content\/uploads\/2013\/11\/DSC_0307-1024x576.jpg 1024w, https:\/\/www.fusteriadurany.com\/wp-content\/uploads\/2013\/11\/DSC_0307-300x168.jpg 300w\" sizes=\"(max-width: 1024px) 100vw, 1024px\" \/><\/a><\/p>\n<p>Porta de dos fulles de melamina.<\/p>\n<p><a href=\"https:\/\/www.fusteriadurany.com\/wp-content\/uploads\/2013\/11\/DSC_0308.jpg\"><img loading=\"lazy\" class=\"alignnone size-large wp-image-561\" alt=\"DSC_0308\" src=\"https:\/\/www.fusteriadurany.com\/wp-content\/uploads\/2013\/11\/DSC_0308-1024x576.jpg\" width=\"1024\" height=\"576\" srcset=\"https:\/\/www.fusteriadurany.com\/wp-content\/uploads\/2013\/11\/DSC_0308-1024x576.jpg 1024w, https:\/\/www.fusteriadurany.com\/wp-content\/uploads\/2013\/11\/DSC_0308-300x168.jpg 300w\" sizes=\"(max-width: 1024px) 100vw, 1024px\" \/><\/a><\/p>\n<p>&nbsp;<\/p>\n<p><a href=\"https:\/\/www.fusteriadurany.com\/wp-content\/uploads\/2013\/11\/DSC_0309.jpg\"><img loading=\"lazy\" class=\"alignnone size-large wp-image-562\" alt=\"DSC_0309\" src=\"https:\/\/www.fusteriadurany.com\/wp-content\/uploads\/2013\/11\/DSC_0309-576x1024.jpg\" width=\"576\" height=\"1024\" srcset=\"https:\/\/www.fusteriadurany.com\/wp-content\/uploads\/2013\/11\/DSC_0309-576x1024.jpg 576w, https:\/\/www.fusteriadurany.com\/wp-content\/uploads\/2013\/11\/DSC_0309-168x300.jpg 168w, https:\/\/www.fusteriadurany.com\/wp-content\/uploads\/2013\/11\/DSC_0309.jpg 1836w\" sizes=\"(max-width: 576px) 100vw, 576px\" \/><\/a><\/p>\n<p>Porta de melamina corredera per damunt amb tancament a boques.<\/p>\n<p><a href=\"https:\/\/www.fusteriadurany.com\/wp-content\/uploads\/2013\/11\/DSC_0358.jpg\"><img loading=\"lazy\" class=\"alignnone size-large wp-image-563\" alt=\"DSC_0358\" src=\"https:\/\/www.fusteriadurany.com\/wp-content\/uploads\/2013\/11\/DSC_0358-576x1024.jpg\" width=\"576\" height=\"1024\" srcset=\"https:\/\/www.fusteriadurany.com\/wp-content\/uploads\/2013\/11\/DSC_0358-576x1024.jpg 576w, https:\/\/www.fusteriadurany.com\/wp-content\/uploads\/2013\/11\/DSC_0358-168x300.jpg 168w, https:\/\/www.fusteriadurany.com\/wp-content\/uploads\/2013\/11\/DSC_0358.jpg 1836w\" sizes=\"(max-width: 576px) 100vw, 576px\" \/><\/a><\/p>\n<p>Porta corredera per damunt lacada blanca texturitzada.<\/p>\n<p><a href=\"https:\/\/www.fusteriadurany.com\/wp-content\/uploads\/2013\/11\/DSC_0387.jpg\"><img loading=\"lazy\" class=\"alignnone size-large wp-image-564\" alt=\"DSC_0387\" src=\"https:\/\/www.fusteriadurany.com\/wp-content\/uploads\/2013\/11\/DSC_0387-576x1024.jpg\" width=\"576\" height=\"1024\" srcset=\"https:\/\/www.fusteriadurany.com\/wp-content\/uploads\/2013\/11\/DSC_0387-576x1024.jpg 576w, https:\/\/www.fusteriadurany.com\/wp-content\/uploads\/2013\/11\/DSC_0387-168x300.jpg 168w, https:\/\/www.fusteriadurany.com\/wp-content\/uploads\/2013\/11\/DSC_0387.jpg 1836w\" sizes=\"(max-width: 576px) 100vw, 576px\" \/><\/a><\/p>\n<p>Porta de pis feta amb melamina de Noguer.<\/p>\n<p><a href=\"https:\/\/www.fusteriadurany.com\/wp-content\/uploads\/2013\/11\/DSC_0532.jpg\"><img loading=\"lazy\" class=\"alignnone size-large wp-image-565\" alt=\"DSC_0532\" src=\"https:\/\/www.fusteriadurany.com\/wp-content\/uploads\/2013\/11\/DSC_0532-768x1024.jpg\" width=\"768\" height=\"1024\" srcset=\"https:\/\/www.fusteriadurany.com\/wp-content\/uploads\/2013\/11\/DSC_0532-768x1024.jpg 768w, https:\/\/www.fusteriadurany.com\/wp-content\/uploads\/2013\/11\/DSC_0532-225x300.jpg 225w\" sizes=\"(max-width: 768px) 100vw, 768px\" \/><\/a><\/p>\n<p>Vidriera de fusta de Noguer natural.<\/p>\n<p><a href=\"https:\/\/www.fusteriadurany.com\/wp-content\/uploads\/2013\/11\/DSC_0534.jpg\"><img loading=\"lazy\" class=\"alignnone size-large wp-image-566\" alt=\"DSC_0534\" src=\"https:\/\/www.fusteriadurany.com\/wp-content\/uploads\/2013\/11\/DSC_0534-768x1024.jpg\" width=\"768\" height=\"1024\" srcset=\"https:\/\/www.fusteriadurany.com\/wp-content\/uploads\/2013\/11\/DSC_0534-768x1024.jpg 768w, https:\/\/www.fusteriadurany.com\/wp-content\/uploads\/2013\/11\/DSC_0534-225x300.jpg 225w\" sizes=\"(max-width: 768px) 100vw, 768px\" \/><\/a><\/p>\n<p>Vidriera corredera de fusta de Noguer natural.<\/p>\n<p><a href=\"https:\/\/www.fusteriadurany.com\/wp-content\/uploads\/2013\/11\/DSC_0535.jpg\"><img loading=\"lazy\" class=\"alignnone size-large wp-image-567\" alt=\"DSC_0535\" src=\"https:\/\/www.fusteriadurany.com\/wp-content\/uploads\/2013\/11\/DSC_0535-768x1024.jpg\" width=\"768\" height=\"1024\" srcset=\"https:\/\/www.fusteriadurany.com\/wp-content\/uploads\/2013\/11\/DSC_0535-768x1024.jpg 768w, https:\/\/www.fusteriadurany.com\/wp-content\/uploads\/2013\/11\/DSC_0535-225x300.jpg 225w\" sizes=\"(max-width: 768px) 100vw, 768px\" \/><\/a><\/p>\n<p>&nbsp;<\/p>\n<p><a href=\"https:\/\/www.fusteriadurany.com\/wp-content\/uploads\/2013\/11\/DSC_0540.jpg\"><img loading=\"lazy\" class=\"alignnone size-large wp-image-569\" alt=\"DSC_0540\" src=\"https:\/\/www.fusteriadurany.com\/wp-content\/uploads\/2013\/11\/DSC_0540-768x1024.jpg\" width=\"768\" height=\"1024\" srcset=\"https:\/\/www.fusteriadurany.com\/wp-content\/uploads\/2013\/11\/DSC_0540-768x1024.jpg 768w, https:\/\/www.fusteriadurany.com\/wp-content\/uploads\/2013\/11\/DSC_0540-225x300.jpg 225w\" sizes=\"(max-width: 768px) 100vw, 768px\" \/><\/a><\/p>\n<p>Porta d&#8217;entrada de fusta de Noguer natural.<\/p>\n<p><a href=\"https:\/\/www.fusteriadurany.com\/wp-content\/uploads\/2013\/11\/IMG_1565.jpg\"><img loading=\"lazy\" class=\"alignnone size-large wp-image-570\" alt=\"IMG_1565\" src=\"https:\/\/www.fusteriadurany.com\/wp-content\/uploads\/2013\/11\/IMG_1565-1024x768.jpg\" width=\"1024\" height=\"768\" srcset=\"https:\/\/www.fusteriadurany.com\/wp-content\/uploads\/2013\/11\/IMG_1565-1024x768.jpg 1024w, https:\/\/www.fusteriadurany.com\/wp-content\/uploads\/2013\/11\/IMG_1565-300x225.jpg 300w\" sizes=\"(max-width: 1024px) 100vw, 1024px\" \/><\/a><\/p>\n<p>Conjunt de vidriera practicable per cuina i correderes de menjador lacades blanques.<\/p>\n<p><a href=\"https:\/\/www.fusteriadurany.com\/wp-content\/uploads\/2013\/11\/IMG_1567.jpg\"><img loading=\"lazy\" class=\"alignnone size-large wp-image-571\" alt=\"IMG_1567\" src=\"https:\/\/www.fusteriadurany.com\/wp-content\/uploads\/2013\/11\/IMG_1567-768x1024.jpg\" width=\"768\" height=\"1024\" srcset=\"https:\/\/www.fusteriadurany.com\/wp-content\/uploads\/2013\/11\/IMG_1567-768x1024.jpg 768w, https:\/\/www.fusteriadurany.com\/wp-content\/uploads\/2013\/11\/IMG_1567-225x300.jpg 225w, https:\/\/www.fusteriadurany.com\/wp-content\/uploads\/2013\/11\/IMG_1567.jpg 1944w\" sizes=\"(max-width: 768px) 100vw, 768px\" \/><\/a><\/p>\n<p>Porta model 4V lacades blanques.<\/p>\n<p><a href=\"https:\/\/www.fusteriadurany.com\/wp-content\/uploads\/2013\/11\/IMG_1840.jpg\"><img loading=\"lazy\" class=\"alignnone size-large wp-image-572\" alt=\"IMG_1840\" src=\"https:\/\/www.fusteriadurany.com\/wp-content\/uploads\/2013\/11\/IMG_1840-1024x768.jpg\" width=\"1024\" height=\"768\" srcset=\"https:\/\/www.fusteriadurany.com\/wp-content\/uploads\/2013\/11\/IMG_1840-1024x768.jpg 1024w, https:\/\/www.fusteriadurany.com\/wp-content\/uploads\/2013\/11\/IMG_1840-300x225.jpg 300w\" sizes=\"(max-width: 1024px) 100vw, 1024px\" \/><\/a><\/p>\n<p>Conjunt de portes i vidriera de fusta de Faig Vaporitzat.<\/p>\n<p><a href=\"https:\/\/www.fusteriadurany.com\/wp-content\/uploads\/2013\/11\/SAM_0075.jpg\"><img loading=\"lazy\" class=\"alignnone size-large wp-image-574\" alt=\"SAM_0075\" src=\"https:\/\/www.fusteriadurany.com\/wp-content\/uploads\/2013\/11\/SAM_0075-768x1024.jpg\" width=\"768\" height=\"1024\" srcset=\"https:\/\/www.fusteriadurany.com\/wp-content\/uploads\/2013\/11\/SAM_0075-768x1024.jpg 768w, https:\/\/www.fusteriadurany.com\/wp-content\/uploads\/2013\/11\/SAM_0075-225x300.jpg 225w\" sizes=\"(max-width: 768px) 100vw, 768px\" \/><\/a><\/p>\n<p>&nbsp;<\/p>\n<p><a href=\"https:\/\/www.fusteriadurany.com\/wp-content\/uploads\/2013\/11\/SAM_0079.jpg\"><img loading=\"lazy\" class=\"alignnone size-large wp-image-575\" alt=\"SAM_0079\" src=\"https:\/\/www.fusteriadurany.com\/wp-content\/uploads\/2013\/11\/SAM_0079-1024x768.jpg\" width=\"1024\" height=\"768\" srcset=\"https:\/\/www.fusteriadurany.com\/wp-content\/uploads\/2013\/11\/SAM_0079-1024x768.jpg 1024w, https:\/\/www.fusteriadurany.com\/wp-content\/uploads\/2013\/11\/SAM_0079-300x225.jpg 300w\" sizes=\"(max-width: 1024px) 100vw, 1024px\" \/><\/a><\/p>\n<p>Porta corredera d&#8217;acc\u00e8s a menjador de 150 cm. d&#8217;amplada lacada blanca texturitzada.<\/p>\n<p><a href=\"https:\/\/www.fusteriadurany.com\/wp-content\/uploads\/2013\/11\/SAM_0080.jpg\"><img loading=\"lazy\" class=\"alignnone size-large wp-image-576\" alt=\"SAM_0080\" src=\"https:\/\/www.fusteriadurany.com\/wp-content\/uploads\/2013\/11\/SAM_0080-1024x768.jpg\" width=\"1024\" height=\"768\" srcset=\"https:\/\/www.fusteriadurany.com\/wp-content\/uploads\/2013\/11\/SAM_0080-1024x768.jpg 1024w, https:\/\/www.fusteriadurany.com\/wp-content\/uploads\/2013\/11\/SAM_0080-300x225.jpg 300w\" sizes=\"(max-width: 1024px) 100vw, 1024px\" \/><\/a><\/p>\n<p>&nbsp;<\/p>\n<p><a href=\"https:\/\/www.fusteriadurany.com\/wp-content\/uploads\/2013\/11\/SAM_0129.jpg\"><img loading=\"lazy\" class=\"alignnone size-large wp-image-577\" alt=\"SAM_0129\" src=\"https:\/\/www.fusteriadurany.com\/wp-content\/uploads\/2013\/11\/SAM_0129-768x1024.jpg\" width=\"768\" height=\"1024\" srcset=\"https:\/\/www.fusteriadurany.com\/wp-content\/uploads\/2013\/11\/SAM_0129-768x1024.jpg 768w, https:\/\/www.fusteriadurany.com\/wp-content\/uploads\/2013\/11\/SAM_0129-225x300.jpg 225w\" sizes=\"(max-width: 768px) 100vw, 768px\" \/><\/a><\/p>\n<p>Vidriera corredera feta amb fusta de Cirerer natural.<\/p>\n<p><a href=\"https:\/\/www.fusteriadurany.com\/wp-content\/uploads\/2013\/11\/SAM_0141.jpg\"><img loading=\"lazy\" class=\"alignnone size-large wp-image-578\" alt=\"SAM_0141\" src=\"https:\/\/www.fusteriadurany.com\/wp-content\/uploads\/2013\/11\/SAM_0141-1024x768.jpg\" width=\"1024\" height=\"768\" srcset=\"https:\/\/www.fusteriadurany.com\/wp-content\/uploads\/2013\/11\/SAM_0141-1024x768.jpg 1024w, https:\/\/www.fusteriadurany.com\/wp-content\/uploads\/2013\/11\/SAM_0141-300x225.jpg 300w\" sizes=\"(max-width: 1024px) 100vw, 1024px\" \/><\/a><\/p>\n<p>Porta corredera de fusta de Cirerer natural model 4VH amb detall de forrat del sostre tamb\u00e9 amb fusta de Cirerer.<\/p>\n<p><img loading=\"lazy\" class=\"alignnone size-large wp-image-544\" alt=\"CIMG0747\" src=\"https:\/\/www.fusteriadurany.com\/wp-content\/uploads\/2013\/11\/CIMG0747-682x1024.jpg\" width=\"682\" height=\"1024\" srcset=\"https:\/\/www.fusteriadurany.com\/wp-content\/uploads\/2013\/11\/CIMG0747-682x1024.jpg 682w, https:\/\/www.fusteriadurany.com\/wp-content\/uploads\/2013\/11\/CIMG0747-200x300.jpg 200w\" sizes=\"(max-width: 682px) 100vw, 682px\" \/><\/p>\n<p>Porta d&#8217;entrada de fusta de Roure envernissada Decap\u00e9.<\/p>\n<p><a href=\"https:\/\/www.fusteriadurany.com\/wp-content\/uploads\/2013\/11\/CIMG0755.jpg\"><img loading=\"lazy\" class=\"alignnone size-large wp-image-545\" alt=\"CIMG0755\" src=\"https:\/\/www.fusteriadurany.com\/wp-content\/uploads\/2013\/11\/CIMG0755-682x1024.jpg\" width=\"682\" height=\"1024\" srcset=\"https:\/\/www.fusteriadurany.com\/wp-content\/uploads\/2013\/11\/CIMG0755-682x1024.jpg 682w, https:\/\/www.fusteriadurany.com\/wp-content\/uploads\/2013\/11\/CIMG0755-200x300.jpg 200w\" sizes=\"(max-width: 682px) 100vw, 682px\" \/><\/a><\/p>\n<p>Conjunt de portes de fusta de Roure model 4VH envernissades Decap\u00e9.<\/p>\n<p><a href=\"https:\/\/www.fusteriadurany.com\/wp-content\/uploads\/2013\/11\/CIMG0767.jpg\"><img loading=\"lazy\" class=\"alignnone size-large wp-image-546\" alt=\"CIMG0767\" src=\"https:\/\/www.fusteriadurany.com\/wp-content\/uploads\/2013\/11\/CIMG0767-682x1024.jpg\" width=\"682\" height=\"1024\" srcset=\"https:\/\/www.fusteriadurany.com\/wp-content\/uploads\/2013\/11\/CIMG0767-682x1024.jpg 682w, https:\/\/www.fusteriadurany.com\/wp-content\/uploads\/2013\/11\/CIMG0767-200x300.jpg 200w\" sizes=\"(max-width: 682px) 100vw, 682px\" \/><\/a><\/p>\n<p>Conjunt de portes de fusta de Roure precompost.<\/p>\n<p><a href=\"https:\/\/www.fusteriadurany.com\/wp-content\/uploads\/2013\/11\/CIMG0789.jpg\"><img loading=\"lazy\" class=\"alignnone size-large wp-image-547\" alt=\"CIMG0789\" src=\"https:\/\/www.fusteriadurany.com\/wp-content\/uploads\/2013\/11\/CIMG0789-682x1024.jpg\" width=\"682\" height=\"1024\" srcset=\"https:\/\/www.fusteriadurany.com\/wp-content\/uploads\/2013\/11\/CIMG0789-682x1024.jpg 682w, https:\/\/www.fusteriadurany.com\/wp-content\/uploads\/2013\/11\/CIMG0789-200x300.jpg 200w\" sizes=\"(max-width: 682px) 100vw, 682px\" \/><\/a><\/p>\n<p>Porta corredera de fusta de Roure natural.<\/p>\n<p><a href=\"https:\/\/www.fusteriadurany.com\/wp-content\/uploads\/2013\/11\/CIMG0799.jpg\"><img loading=\"lazy\" class=\"alignnone size-large wp-image-548\" alt=\"CIMG0799\" src=\"https:\/\/www.fusteriadurany.com\/wp-content\/uploads\/2013\/11\/CIMG0799-682x1024.jpg\" width=\"682\" height=\"1024\" srcset=\"https:\/\/www.fusteriadurany.com\/wp-content\/uploads\/2013\/11\/CIMG0799-682x1024.jpg 682w, https:\/\/www.fusteriadurany.com\/wp-content\/uploads\/2013\/11\/CIMG0799-200x300.jpg 200w\" sizes=\"(max-width: 682px) 100vw, 682px\" \/><\/a><\/p>\n<p>Doble porta de fusta de Roure natural d&#8217;acc\u00e8s a passad\u00eds habitatge amb fulla fixa de 4 vidres.<\/p>\n<p><a href=\"https:\/\/www.fusteriadurany.com\/wp-content\/uploads\/2013\/11\/DSC_0001.jpg\"><img loading=\"lazy\" class=\"alignnone size-large wp-image-549\" alt=\"DSC_0001\" src=\"https:\/\/www.fusteriadurany.com\/wp-content\/uploads\/2013\/11\/DSC_0001-1024x682.jpg\" width=\"1024\" height=\"682\" srcset=\"https:\/\/www.fusteriadurany.com\/wp-content\/uploads\/2013\/11\/DSC_0001-1024x682.jpg 1024w, https:\/\/www.fusteriadurany.com\/wp-content\/uploads\/2013\/11\/DSC_0001-300x200.jpg 300w, https:\/\/www.fusteriadurany.com\/wp-content\/uploads\/2013\/11\/DSC_0001-195x130.jpg 195w\" sizes=\"(max-width: 1024px) 100vw, 1024px\" \/><\/a><\/p>\n<p>Corredera de melamina color blau de 200 cm. d&#8217;amplada.<\/p>\n<p><a href=\"https:\/\/www.fusteriadurany.com\/wp-content\/uploads\/2013\/11\/DSC_0002.jpg\"><img loading=\"lazy\" class=\"alignnone size-large wp-image-550\" alt=\"DSC_0002\" src=\"https:\/\/www.fusteriadurany.com\/wp-content\/uploads\/2013\/11\/DSC_0002-1024x682.jpg\" width=\"1024\" height=\"682\" srcset=\"https:\/\/www.fusteriadurany.com\/wp-content\/uploads\/2013\/11\/DSC_0002-1024x682.jpg 1024w, https:\/\/www.fusteriadurany.com\/wp-content\/uploads\/2013\/11\/DSC_0002-300x200.jpg 300w, https:\/\/www.fusteriadurany.com\/wp-content\/uploads\/2013\/11\/DSC_0002-195x130.jpg 195w\" sizes=\"(max-width: 1024px) 100vw, 1024px\" \/><\/a><\/p>\n<p>&nbsp;<\/p>\n<p><a href=\"https:\/\/www.fusteriadurany.com\/wp-content\/uploads\/2013\/11\/DSC_0005.jpg\"><img loading=\"lazy\" class=\"alignnone size-large wp-image-551\" alt=\"DSC_0005\" src=\"https:\/\/www.fusteriadurany.com\/wp-content\/uploads\/2013\/11\/DSC_0005-682x1024.jpg\" width=\"682\" height=\"1024\" srcset=\"https:\/\/www.fusteriadurany.com\/wp-content\/uploads\/2013\/11\/DSC_0005-682x1024.jpg 682w, https:\/\/www.fusteriadurany.com\/wp-content\/uploads\/2013\/11\/DSC_0005-200x300.jpg 200w\" sizes=\"(max-width: 682px) 100vw, 682px\" \/><\/a><\/p>\n<p>Portes de melamina de color blau per banys.<\/p>\n<p><a href=\"https:\/\/www.fusteriadurany.com\/wp-content\/uploads\/2013\/11\/DSC_0010.jpg\"><img loading=\"lazy\" class=\"alignnone size-large wp-image-552\" alt=\"DSC_0010\" src=\"https:\/\/www.fusteriadurany.com\/wp-content\/uploads\/2013\/11\/DSC_0010-1024x682.jpg\" width=\"1024\" height=\"682\" srcset=\"https:\/\/www.fusteriadurany.com\/wp-content\/uploads\/2013\/11\/DSC_0010-1024x682.jpg 1024w, https:\/\/www.fusteriadurany.com\/wp-content\/uploads\/2013\/11\/DSC_0010-300x200.jpg 300w, https:\/\/www.fusteriadurany.com\/wp-content\/uploads\/2013\/11\/DSC_0010-195x130.jpg 195w\" sizes=\"(max-width: 1024px) 100vw, 1024px\" \/><\/a><\/p>\n<p>Conjunt de portes de melamina color taronja amb vidres fixes als laterals.<\/p>\n<p><a href=\"https:\/\/www.fusteriadurany.com\/wp-content\/uploads\/2013\/11\/DSC_0013.jpg\"><img loading=\"lazy\" class=\"alignnone size-large wp-image-553\" alt=\"DSC_0013\" src=\"https:\/\/www.fusteriadurany.com\/wp-content\/uploads\/2013\/11\/DSC_0013-1024x682.jpg\" width=\"1024\" height=\"682\" srcset=\"https:\/\/www.fusteriadurany.com\/wp-content\/uploads\/2013\/11\/DSC_0013-1024x682.jpg 1024w, https:\/\/www.fusteriadurany.com\/wp-content\/uploads\/2013\/11\/DSC_0013-300x200.jpg 300w, https:\/\/www.fusteriadurany.com\/wp-content\/uploads\/2013\/11\/DSC_0013-195x130.jpg 195w\" sizes=\"(max-width: 1024px) 100vw, 1024px\" \/><\/a><\/p>\n<p>Vidrieres d&#8217;acc\u00e8s a despatx correderes de fusta de Faig sobreposades.<\/p>\n<p><a href=\"https:\/\/www.fusteriadurany.com\/wp-content\/uploads\/2013\/11\/DSC_0014.jpg\"><img loading=\"lazy\" class=\"alignnone size-large wp-image-554\" alt=\"DSC_0014\" src=\"https:\/\/www.fusteriadurany.com\/wp-content\/uploads\/2013\/11\/DSC_0014-1024x682.jpg\" width=\"1024\" height=\"682\" srcset=\"https:\/\/www.fusteriadurany.com\/wp-content\/uploads\/2013\/11\/DSC_0014-1024x682.jpg 1024w, https:\/\/www.fusteriadurany.com\/wp-content\/uploads\/2013\/11\/DSC_0014-300x200.jpg 300w, https:\/\/www.fusteriadurany.com\/wp-content\/uploads\/2013\/11\/DSC_0014-195x130.jpg 195w\" sizes=\"(max-width: 1024px) 100vw, 1024px\" \/><\/a><\/p>\n<p>&nbsp;<\/p>\n<p><a href=\"https:\/\/www.fusteriadurany.com\/wp-content\/uploads\/2013\/11\/DSC_0015.jpg\"><img loading=\"lazy\" class=\"alignnone size-large wp-image-555\" alt=\"DSC_0015\" src=\"https:\/\/www.fusteriadurany.com\/wp-content\/uploads\/2013\/11\/DSC_0015-682x1024.jpg\" width=\"682\" height=\"1024\" srcset=\"https:\/\/www.fusteriadurany.com\/wp-content\/uploads\/2013\/11\/DSC_0015-682x1024.jpg 682w, https:\/\/www.fusteriadurany.com\/wp-content\/uploads\/2013\/11\/DSC_0015-200x300.jpg 200w\" sizes=\"(max-width: 682px) 100vw, 682px\" \/><\/a><\/p>\n<p>Doble porta de fusta de Faig Vaporitzat amb montants veta vertical i al mig tres ratlles i veta horitzontal.<\/p>\n<p><a href=\"https:\/\/www.fusteriadurany.com\/wp-content\/uploads\/2013\/11\/DSC_0038.jpg\"><img loading=\"lazy\" class=\"alignnone size-large wp-image-556\" alt=\"DSC_0038\" src=\"https:\/\/www.fusteriadurany.com\/wp-content\/uploads\/2013\/11\/DSC_0038-682x1024.jpg\" width=\"682\" height=\"1024\" srcset=\"https:\/\/www.fusteriadurany.com\/wp-content\/uploads\/2013\/11\/DSC_0038-682x1024.jpg 682w, https:\/\/www.fusteriadurany.com\/wp-content\/uploads\/2013\/11\/DSC_0038-200x300.jpg 200w\" sizes=\"(max-width: 682px) 100vw, 682px\" \/><\/a><\/p>\n<p>&nbsp;<\/p>\n<p><img loading=\"lazy\" class=\"alignnone size-full wp-image-539\" alt=\"006\" src=\"https:\/\/www.fusteriadurany.com\/wp-content\/uploads\/2013\/11\/006.jpg\" width=\"640\" height=\"426\" srcset=\"https:\/\/www.fusteriadurany.com\/wp-content\/uploads\/2013\/11\/006.jpg 640w, https:\/\/www.fusteriadurany.com\/wp-content\/uploads\/2013\/11\/006-300x199.jpg 300w, https:\/\/www.fusteriadurany.com\/wp-content\/uploads\/2013\/11\/006-195x130.jpg 195w\" sizes=\"(max-width: 640px) 100vw, 640px\" \/><\/p>\n<p>Porta de fusta de Wenguer corredera per damunt d&#8217;acc\u00e8s a la cuina.<\/p>\n<p><a href=\"https:\/\/www.fusteriadurany.com\/wp-content\/uploads\/2013\/11\/011.jpg\"><img loading=\"lazy\" class=\"alignnone size-full wp-image-540\" alt=\"011\" src=\"https:\/\/www.fusteriadurany.com\/wp-content\/uploads\/2013\/11\/011.jpg\" width=\"320\" height=\"480\" srcset=\"https:\/\/www.fusteriadurany.com\/wp-content\/uploads\/2013\/11\/011.jpg 320w, https:\/\/www.fusteriadurany.com\/wp-content\/uploads\/2013\/11\/011-200x300.jpg 200w\" sizes=\"(max-width: 320px) 100vw, 320px\" \/><\/a><\/p>\n<p>Conjunt de portes i vidriera de fusta de Wenguer.<\/p>\n<p><a href=\"https:\/\/www.fusteriadurany.com\/wp-content\/uploads\/2013\/11\/015.jpg\"><img loading=\"lazy\" class=\"alignnone size-full wp-image-541\" alt=\"015\" src=\"https:\/\/www.fusteriadurany.com\/wp-content\/uploads\/2013\/11\/015.jpg\" width=\"320\" height=\"480\" srcset=\"https:\/\/www.fusteriadurany.com\/wp-content\/uploads\/2013\/11\/015.jpg 320w, https:\/\/www.fusteriadurany.com\/wp-content\/uploads\/2013\/11\/015-200x300.jpg 200w\" sizes=\"(max-width: 320px) 100vw, 320px\" \/><\/a><\/p>\n<p>Porta d&#8217;entrada de pis de fusta de Wenguer.<\/p>\n<p><a href=\"https:\/\/www.fusteriadurany.com\/wp-content\/uploads\/2013\/11\/037.jpg\"><img loading=\"lazy\" class=\"alignnone size-large wp-image-542\" alt=\"037\" src=\"https:\/\/www.fusteriadurany.com\/wp-content\/uploads\/2013\/11\/037-682x1024.jpg\" width=\"682\" height=\"1024\" srcset=\"https:\/\/www.fusteriadurany.com\/wp-content\/uploads\/2013\/11\/037-682x1024.jpg 682w, https:\/\/www.fusteriadurany.com\/wp-content\/uploads\/2013\/11\/037-200x300.jpg 200w\" sizes=\"(max-width: 682px) 100vw, 682px\" \/><\/a><\/p>\n<div class=\"one_half \">\n<blockquote class=\"none\" style=\"width:100;\">Quan  la porta \u00e9s disseny.<\/p>\n<p>La porta ha de ser quelcom m\u00e9s que un element del tancament de l&#8217;edifici o habitatge. Ha de recollir el disseny, les tend\u00e8ncies i les millores t\u00e8cniques que cada any apareixen al mercat.<\/p>\n<p>La fusta dona la llibertat de fabricaci\u00f3 que cap altre material per la seva naturalesa permet.<br \/>\n<\/blockquote>\n<div class=\"frame_center\"><img src=\"https:\/\/www.fusteriadurany.com\/wp\/wp-content\/uploads\/2013\/11\/clau.jpg\" alt=\"\"\/><\/div>\n<blockquote class=\"none\" style=\"width:100;\">La seguretat<\/p>\n<p>Podem augmentar la seguretat de la seva porta. Afegir planxa d\u2019acer de refor\u00e7, cilindre de seguretat amb clau plana de pitons carregats a motlle, pany de varis punts d\u2019anclatge, frontisses antipalanca.<\/p>\n<p><\/blockquote>\n<div class=\"frame_center\"><img src=\"https:\/\/www.fusteriadurany.com\/wp-content\/uploads\/2013\/11\/portes-06-430.png\" alt=\"\"\/><span class=\"caption\">Portes interiors amb els darrers dissenys i acabats<\/span><\/div>\n<\/div>\n<div class=\"one_half last \">\n<blockquote class=\"none\" style=\"width:100;\">Podem fabricar portes amb dintel en arc de mig punt. Els reptes son la nostra font d\u2019inspiraci\u00f3<br \/>\n<\/blockquote>\n<p><b><br \/>\n<\/b><\/p>\n<div class=\"frame_left\"><img src=\"https:\/\/www.fusteriadurany.com\/wp-content\/uploads\/2013\/11\/portes-10-430.png\" alt=\"\"\/><span class=\"caption\"><br \/>\nInstal\u2022lem els millors materials amb les m\u00e0ximes qualitats i garanties del mercat per assegurar la seva tranquil\u2022litat i la llarga durada dels elements.<\/span><\/div>\n<div class=\"frame_left\"><img src=\"https:\/\/www.fusteriadurany.com\/wp-content\/uploads\/2013\/11\/portes-11-430.png\" alt=\"\"\/><span class=\"caption\"><br \/>\nDisseny: del m\u00e9s cl\u00e0ssic al m\u00e9s avantguardista.<\/span><\/div>\n<\/div>\n<p><br class=\"clear\"\/><\/p>\n<p><b><\/p>\n<div style=\"float:;width:100%;\">\n<div class=\"testimonial_wrapper\">Amb portes podem oferir tots els estils, tipus i acabats.<\/div>\n<div class=\"testimonial_arrow\"><\/div>\n<div class=\"testimonial_name\"><strong>Fusteria Durany<\/strong><\/div>\n<\/div>\n<p><\/b><\/p>\n","protected":false},"excerpt":{"rendered":"<p>Porta d&#8217;entrada enrasada amb forrat paret amb frontissa invisible, lacada blanca texturitzada. Porta de dos fulles de melamina. &nbsp; Porta de melamina corredera per damunt amb tancament a boques. Porta corredera per damunt lacada blanca texturitzada. Porta de pis feta amb melamina de Noguer. Vidriera de fusta de Noguer natural. Vidriera corredera de fusta de [&hellip;]<\/p>\n","protected":false},"author":1,"featured_media":0,"parent":0,"menu_order":0,"comment_status":"closed","ping_status":"closed","template":"","meta":[],"_links":{"self":[{"href":"https:\/\/www.fusteriadurany.com\/index.php?rest_route=\/wp\/v2\/pages\/353"}],"collection":[{"href":"https:\/\/www.fusteriadurany.com\/index.php?rest_route=\/wp\/v2\/pages"}],"about":[{"href":"https:\/\/www.fusteriadurany.com\/index.php?rest_route=\/wp\/v2\/types\/page"}],"author":[{"embeddable":true,"href":"https:\/\/www.fusteriadurany.com\/index.php?rest_route=\/wp\/v2\/users\/1"}],"replies":[{"embeddable":true,"href":"https:\/\/www.fusteriadurany.com\/index.php?rest_route=%2Fwp%2Fv2%2Fcomments&post=353"}],"version-history":[{"count":27,"href":"https:\/\/www.fusteriadurany.com\/index.php?rest_route=\/wp\/v2\/pages\/353\/revisions"}],"predecessor-version":[{"id":675,"href":"https:\/\/www.fusteriadurany.com\/index.php?rest_route=\/wp\/v2\/pages\/353\/revisions\/675"}],"wp:attachment":[{"href":"https:\/\/www.fusteriadurany.com\/index.php?rest_route=%2Fwp%2Fv2%2Fmedia&parent=353"}],"curies":[{"name":"wp","href":"https:\/\/api.w.org\/{rel}","templated":true}]}}