{"id":768,"date":"2019-03-22T10:09:20","date_gmt":"2019-03-22T10:09:20","guid":{"rendered":"https:\/\/www.fusteriadurany.com\/?page_id=768"},"modified":"2026-03-23T12:00:14","modified_gmt":"2026-03-23T12:00:14","slug":"politica-de-cookies","status":"publish","type":"page","link":"https:\/\/www.fusteriadurany.com\/?page_id=768","title":{"rendered":"Pol\u00edtica de Cookies"},"content":{"rendered":"\n<h4>INFORMACI\u00d3 SOBRE COOKIES<\/h4>\n\n\n\n<p><p align=\"justify\">A causa de l&#8217;entrada en vigor de la referent modificaci\u00f3 de la &#8220;Llei de Serveis de la Societat de la Informaci\u00f3&#8221; (LSSICE) establerta pel Reial Decret 13\/2012, \u00e9s d&#8217;obligaci\u00f3 obtenir el consentiment expr\u00e9s de l&#8217;usuari de totes les p\u00e0gines web que utilitzen cookies prescindibles, abans que aquest navegui per elles. <\/p><\/p>\n\n\n<p><br><\/p>\n\n\n<h4>QU\u00c8 S\u00d3N LES COOKIES?<\/h4>\n\n\n\n<p><p align=\"justify\">Les cookies i altres tecnologies similars tals com a local shared objects, flash cookies o p\u00edxels, s\u00f3n eines emprades pels servidors web per emmagatzemar i recuperar informaci\u00f3 sobre els seus visitants, aix\u00ed com per oferir un correcte funcionament del lloc. <\/p><\/p>\n\n\n\n<p><p align=\"justify\">Mitjan\u00e7ant l&#8217;\u00fas d&#8217;aquests dispositius es permet al servidor web recordar algunes dades concernents a l&#8217;usuari, com les seves prefer\u00e8ncies per a la visualitzaci\u00f3 de les p\u00e0gines d&#8217;aquest servidor, nom i contrasenya, productes que m\u00e9s li interessen, etc. <\/p><\/p>\n\n\n<p><br><\/p>\n\n\n<h4>COOKIES AFECTADES PER LA NORMATIVA I COOKIES EXEMPTES<\/h4>\n\n\n\n<p><p align=\"justify\">Segons la directiva de la UE, les cookies que requereixen el consentiment informat per part de l&#8217;usuari s\u00f3n les cookies d&#8217;anal\u00edtica i les de publicitat i afiliaci\u00f3, quedant exceptuades les de car\u00e0cter t\u00e8cnic i les necess\u00e0ries per al funcionament del lloc web o la prestaci\u00f3 de serveis expressament demanats per l&#8217;usuari. <\/p><\/p>\n\n\n<p><br><\/p>\n\n\n<h4>QUIN TIPUS DE COOKIES HI HAN?<\/h4>\n\n\n\n<p>Sobre els tipus de galetes, hi ha cinc grans grups:<\/p>\n\n\n\n<ul><li>Cookies anal\u00edtiques: recullen informaci\u00f3 de l&#8217;\u00fas que es realitza del lloc web.<\/li><li>Cookies socials: s\u00f3n aquelles necess\u00e0ries per a xarxes socials externes.<\/li><li>Cookies d&#8217;afiliats: permeten fer un seguiment de les visites procedents d&#8217;altres webs, amb les que el lloc web estableix un contracte d\u2018afiliaci\u00f3 (empreses d&#8217;afiliaci\u00f3).<\/li><li>Cookies de publicitat i comportament: recullen informaci\u00f3 sobre les prefer\u00e8ncies i eleccions personals de l&#8217;usuari (retargeting).<\/li><li>Cookies t\u00e8cniques i funcionals: s\u00f3n les estrictament necess\u00e0ries per a l&#8217;\u00fas del lloc web i per a la prestaci\u00f3 del servei contractat. <\/li><\/ul>\n\n\n<p><br><\/p>\n\n\n<h4>COOKIES QUE UTILITZEM EN EL NOSTRE ESPAI WEB<\/h4>\n\n\n\n<p>Llistar els noms de les cookies i les seves funcions, per exemple: <\/p>\n\n\n\n<ul><li>PHPSESSID: cookie t\u00e8cnica i estrictament necess\u00e0ria que cont\u00e9 l&#8217;identificador de la sessi\u00f3. S&#8217;elimina en tancar el navegador.<\/li><li>_lang: cookie t\u00e8cnica i estrictament necess\u00e0ria que cont\u00e9 l&#8217;idioma de la sessi\u00f3. S&#8217;elimina en tancar el navegador.<\/li><li>ac_cookies: cookie t\u00e8cnica i estrictament necess\u00e0ria que cont\u00e9 el valor de si s&#8217;ha acceptat la instal\u00b7laci\u00f3 de cookies. Caduca en 1 any des de l&#8217;\u00faltima actualitzaci\u00f3.<\/li><li>_ga: cookie de Google Analytics Universal que habilita la funci\u00f3 de control de visites \u00faniques. La primera vegada que un usuari entri al lloc web a trav\u00e9s d&#8217;un navegador s&#8217;instal\u00b7lar\u00e0 aquesta galeta. Quan aquest usuari torni a entrar a la web amb el mateix navegador, la galeta considerar\u00e0 que \u00e9s el mateix usuari. Nom\u00e9s en el cas que l&#8217;usuari canvi\u00ef de navegador, es considerar\u00e0 un altre usuari. Caduca als 2 anys des de l&#8217;\u00faltima actualitzaci\u00f3.<\/li><li>_gat: Aquesta cookie s&#8217;associa amb Google Analytics Universal. S&#8217;utilitza per limitar la velocitat de petici\u00f3 &#8211; la limitaci\u00f3 de la recollida de dades en els llocs d&#8217;alt tr\u00e0nsit. Caduca als 10 minuts.<\/li><li>_utma: cookie de Google Analytics que registra la data de la primera i \u00faltima vegada que l&#8217;usuari va visitar el lloc web. Caduca als 2 anys des de l&#8217;\u00faltima actualitzaci\u00f3.<\/li><li>_utmb: cookie de Google Analytics que registra l&#8217;hora d&#8217;arribada a la p\u00e0gina web. Caduca als 30 minuts des de l&#8217;\u00faltima actualitzaci\u00f3.<\/li><li>_utmc: cookie de Google Analytics utilitzada per a la interoperabilitat amb el codi de seguiment urchin.js. S&#8217;elimina en tancar el navegador.<\/li><li>_utmt: cookie de Google Analytics utilitzada per a processar el tipus de sol\u00b7licitud demanada per l&#8217;usuari. Caduca en finalitzar la sessi\u00f3.<\/li><li>_utmv: cookie de Google Analytics utilitzada per a segmentar dades demogr\u00e0fiques. Caduca en finalitzar la sessi\u00f3.<\/li><li>_utmz: cookie de Google Analytics que emmagatzema la font de tr\u00e0nsit o una campanya per explicar com l&#8217;usuari va arribar al lloc web. Caduca als 6 mesos des de l&#8217;\u00faltima actualitzaci\u00f3. <\/li><\/ul>\n\n\n<p><br><\/p>\n\n\n<h4>REVOCACI\u00d3 DEL CONSENTIMENT PER INSTAL\u00b7LAR COOKIES <\/h4>\n\n\n\n<h6><strong>COM ELIMINAR LES COOKIES DEL NAVEGADOR <\/strong><\/h6>\n\n\n\n<p><strong>Chrome<\/strong><\/p>\n\n\n\n<ol><li>Seleccioneu la icona d&#8217;Eines.<\/li><li>Feu clic a Configuraci\u00f3.<\/li><li>Fes clic a Mostra Opcions Avan\u00e7ades.<\/li><li>A la secci\u00f3 &#8220;Privadesa&#8221; feu clic a Configuraci\u00f3 de contingut.<ul><li>Suprimeix les galetes: Fes clic a Totes les galetes i dades del lloc &#8230;<\/li><li>No permetre que s&#8217;emmagatzemin cookies.<\/li><\/ul><\/li><li>Fes clic a Elimina les dades de navegaci\u00f3 (buidar la Mem\u00f2ria cau).<\/li><li>Tanca i reinicia el navegador.<\/li><\/ol>\n\n\n\n<p>Per a m\u00e9s informaci\u00f3 sobre Chrome premi aqu\u00ed: <a href=\"http:\/\/support.google.com\/chrome\/answer\/95647?hl=es\">http:\/\/support.google.com\/chrome\/answer\/95647?hl=es<\/a><\/p>\n\n\n\n<p><strong>Internet Explorer. Versi\u00f3 11<\/strong><\/p>\n\n\n\n<ol><li>Selecciona Eines | Opcions d&#8217;Internet.<\/li><li>Fes clic a la pestanya General.<\/li><li>A la secci\u00f3 &#8220;Historial de navegaci\u00f3&#8221;, feu clic a Suprimeix l&#8217;historial d&#8217;exploraci\u00f3 al sortir.<\/li><li>Seleccionar Eliminar arxius.<\/li><li>Seleccionar Suprimeix les galetes.<\/li><li>Feu clic a Suprimeix.<\/li><li>Fes clic a D&#8217;acord.<\/li><li>Tanca i reinicia el navegador. <\/li><\/ol>\n\n\n\n<p>Per a m\u00e9s informaci\u00f3 sobre Internet Explorer premi aqu\u00ed: <a href=\"https:\/\/support.microsoft.com\/es-es\/help\/278835\/how-to-delete-cookie-files-in-internet-explorer\">https:\/\/support.microsoft.com\/es-es\/help\/278835\/how-to-delete-cookie-files-in-internet-explorer<\/a><\/p>\n\n\n\n<p><strong>Firefox. Versi\u00f3 18<\/strong><\/p>\n\n\n\n<ol><li>Selecciona Firefox | Historial | Neteja l&#8217;historial recent.<\/li><li>Al costat de &#8220;Detalls&#8221;, fes clic a la fletxa cap avall.<\/li><li>Selecciona les seg\u00fcents caselles de verificaci\u00f3: galetes, Mem\u00f2ria cau, Inicis de sessi\u00f3 actius.<\/li><li>Usant el &#8220;Per\u00edode de temps per esborrar&#8221; al men\u00fa desplegable, selecciona Tot.<\/li><li>Feu clic a Neteja ara.<\/li><li>Tanca i reinicia el navegador.<\/li><\/ol>\n\n\n\n<p>Pot acceptar o rebutjar les galetes individualment en les Prefer\u00e8ncies de Firefox, a la secci\u00f3 Historial disponible a Eines&gt; Opcions&gt; Privadesa. <\/p>\n\n\n\n<p>Per a m\u00e9s informaci\u00f3 sobre Mozilla Firefox premi aqu\u00ed: <a href=\"https:\/\/www.mozilla.org\/es-ES\/privacy\/websites\/#cookies\">https:\/\/www.mozilla.org\/es-ES\/privacy\/websites\/#cookies<\/a><\/p>\n\n\n\n<p><strong>Safari Versi\u00f3 5.1<\/strong><\/p>\n\n\n\n<ol><li>Seleccioneu la icona de Safari \/ Edita | Restaura Safari.<\/li><li>Selecciona les seg\u00fcents caselles de verificaci\u00f3: Esborrar l&#8217;historial, Eliminar totes les dades de lloc web.<\/li><li>Fes clic a Restablir.<\/li><li>Tanca i reinicia el navegador.<\/li><\/ol>\n\n\n\n<p>Per a m\u00e9s informaci\u00f3 sobre Safari premi aqu\u00ed: <a href=\"https:\/\/www.apple.com\/legal\/privacy\/en-ww\/cookies\/\">https:\/\/www.apple.com\/legal\/privacy\/en-ww\/cookies\/<\/a><\/p>\n\n\n\n<p><strong>Opera<\/strong> <\/p>\n\n\n\n<p>Opcions &#8211; Avan\u00e7at &#8211; Galetes.<\/p>\n\n\n\n<p>Les opcions de cookies controlen la manera en qu\u00e8 Opera els gestiona i per tant la seva acceptaci\u00f3 o rebuig. <\/p>\n\n\n\n<p>Per a m\u00e9s informaci\u00f3 sobre \u00d2pera premi aqu\u00ed: <a href=\"https:\/\/help.opera.com\/en\/latest\/security-and-privacy\/#clearBrowsingData\">https:\/\/help.opera.com\/en\/latest\/security-and-privacy\/#clearBrowsingData<\/a><\/p>\n\n\n\n<p><strong>Altres navegadors<\/strong> <\/p>\n\n\n\n<p>Consulteu la documentaci\u00f3 del navegador que tingui instal\u00b7lat. <\/p>\n","protected":false},"excerpt":{"rendered":"<p>INFORMACI\u00d3 SOBRE COOKIES A causa de l&#8217;entrada en vigor de la referent modificaci\u00f3 de la &#8220;Llei de Serveis de la Societat de la Informaci\u00f3&#8221; (LSSICE) establerta pel Reial Decret 13\/2012, \u00e9s d&#8217;obligaci\u00f3 obtenir el consentiment expr\u00e9s de l&#8217;usuari de totes les p\u00e0gines web que utilitzen cookies prescindibles, abans que aquest navegui per elles. QU\u00c8 S\u00d3N [&hellip;]<\/p>\n","protected":false},"author":1,"featured_media":0,"parent":0,"menu_order":0,"comment_status":"closed","ping_status":"closed","template":"","meta":[],"_links":{"self":[{"href":"https:\/\/www.fusteriadurany.com\/index.php?rest_route=\/wp\/v2\/pages\/768"}],"collection":[{"href":"https:\/\/www.fusteriadurany.com\/index.php?rest_route=\/wp\/v2\/pages"}],"about":[{"href":"https:\/\/www.fusteriadurany.com\/index.php?rest_route=\/wp\/v2\/types\/page"}],"author":[{"embeddable":true,"href":"https:\/\/www.fusteriadurany.com\/index.php?rest_route=\/wp\/v2\/users\/1"}],"replies":[{"embeddable":true,"href":"https:\/\/www.fusteriadurany.com\/index.php?rest_route=%2Fwp%2Fv2%2Fcomments&post=768"}],"version-history":[{"count":14,"href":"https:\/\/www.fusteriadurany.com\/index.php?rest_route=\/wp\/v2\/pages\/768\/revisions"}],"predecessor-version":[{"id":837,"href":"https:\/\/www.fusteriadurany.com\/index.php?rest_route=\/wp\/v2\/pages\/768\/revisions\/837"}],"wp:attachment":[{"href":"https:\/\/www.fusteriadurany.com\/index.php?rest_route=%2Fwp%2Fv2%2Fmedia&parent=768"}],"curies":[{"name":"wp","href":"https:\/\/api.w.org\/{rel}","templated":true}]}}